{"id":2084,"date":"2024-04-17T15:59:56","date_gmt":"2024-04-17T15:59:56","guid":{"rendered":"https:\/\/arcticcrossing.com\/?page_id=2084"},"modified":"2024-04-17T16:00:17","modified_gmt":"2024-04-17T16:00:17","slug":"vetyteollisuus-hankkeet-2024","status":"publish","type":"page","link":"https:\/\/arcticcrossing.com\/index.php\/vetyteollisuus-hankkeet-2024\/","title":{"rendered":"Vetyteollisuus hankkeet 2024"},"content":{"rendered":"\t\t<div data-elementor-type=\"wp-page\" data-elementor-id=\"2084\" class=\"elementor elementor-2084\" data-elementor-post-type=\"page\">\n\t\t\t\t\t\t<section class=\"elementor-section elementor-top-section elementor-element elementor-element-531325d5 elementor-section-height-full elementor-section-boxed elementor-section-height-default elementor-section-items-middle\" data-id=\"531325d5\" data-element_type=\"section\" data-e-type=\"section\" data-settings=\"{&quot;background_background&quot;:&quot;classic&quot;}\">\n\t\t\t\t\t\t\t<div class=\"elementor-background-overlay\"><\/div>\n\t\t\t\t\t\t\t<div class=\"elementor-container elementor-column-gap-no\">\n\t\t\t\t\t<div class=\"elementor-column elementor-col-100 elementor-top-column elementor-element elementor-element-2ccb23cd\" data-id=\"2ccb23cd\" data-element_type=\"column\" data-e-type=\"column\">\n\t\t\t<div class=\"elementor-widget-wrap elementor-element-populated\">\n\t\t\t\t\t\t<div class=\"elementor-element elementor-element-3c889b2b elementor-widget elementor-widget-heading\" data-id=\"3c889b2b\" data-element_type=\"widget\" data-e-type=\"widget\" data-widget_type=\"heading.default\">\n\t\t\t\t<div class=\"elementor-widget-container\">\n\t\t\t\t\t<h6 class=\"elementor-heading-title elementor-size-default\">Arctic Crossing Consulting ja vetyhankkeet 2024<\/h6>\t\t\t\t<\/div>\n\t\t\t\t<\/div>\n\t\t\t\t<div class=\"elementor-element elementor-element-2e57b86b elementor-widget elementor-widget-heading\" data-id=\"2e57b86b\" data-element_type=\"widget\" data-e-type=\"widget\" data-widget_type=\"heading.default\">\n\t\t\t\t<div class=\"elementor-widget-container\">\n\t\t\t\t\t<h1 class=\"elementor-heading-title elementor-size-default\">Vetyteollisuus hankkeet 2024<\/h1>\t\t\t\t<\/div>\n\t\t\t\t<\/div>\n\t\t\t\t<div class=\"elementor-element elementor-element-d91023f elementor-widget elementor-widget-text-editor\" data-id=\"d91023f\" data-element_type=\"widget\" data-e-type=\"widget\" data-widget_type=\"text-editor.default\">\n\t\t\t\t<div class=\"elementor-widget-container\">\n\t\t\t\t\t\t\t\t\t<p>Teemme parhaillaan useille maakunnille ja elinkeinotoimistoille vetyteollisuuden kartoituksia ja autamme potentiaalisten vetyinvestointien saamisessa paikkakunnalle.<\/p>\t\t\t\t\t\t\t\t<\/div>\n\t\t\t\t<\/div>\n\t\t\t\t\t<\/div>\n\t\t<\/div>\n\t\t\t\t\t<\/div>\n\t\t<\/section>\n\t\t\t\t<section class=\"elementor-section elementor-top-section elementor-element elementor-element-657823f0 elementor-section-boxed elementor-section-height-default elementor-section-height-default\" data-id=\"657823f0\" data-element_type=\"section\" data-e-type=\"section\">\n\t\t\t\t\t\t<div class=\"elementor-container elementor-column-gap-no\">\n\t\t\t\t\t<div class=\"elementor-column elementor-col-100 elementor-top-column elementor-element elementor-element-3d22b775\" data-id=\"3d22b775\" data-element_type=\"column\" data-e-type=\"column\">\n\t\t\t<div class=\"elementor-widget-wrap elementor-element-populated\">\n\t\t\t\t\t\t<div class=\"elementor-element elementor-element-2bcc7b7a elementor-widget elementor-widget-heading\" data-id=\"2bcc7b7a\" data-element_type=\"widget\" data-e-type=\"widget\" data-widget_type=\"heading.default\">\n\t\t\t\t<div class=\"elementor-widget-container\">\n\t\t\t\t\t<h2 class=\"elementor-heading-title elementor-size-default\">Vetyteollisuus hankkeiden edell\u00e4k\u00e4vij\u00e4<\/h2>\t\t\t\t<\/div>\n\t\t\t\t<\/div>\n\t\t\t\t<div class=\"elementor-element elementor-element-4e805670 elementor-widget elementor-widget-text-editor\" data-id=\"4e805670\" data-element_type=\"widget\" data-e-type=\"widget\" data-widget_type=\"text-editor.default\">\n\t\t\t\t<div class=\"elementor-widget-container\">\n\t\t\t\t\t\t\t\t\t<p>Arctic Crossing Consulting Oy:n vetyselvitysten palvelut ja niiden hy\u00f6dyt perustuvat vankkaan ammattitaitoon ja laajaan kokemukseen, jota voidaan hy\u00f6dynt\u00e4\u00e4 monella tasolla. T\u00e4ss\u00e4 viiden argumentin yhteenveto palveluista ja niiden eduista:<\/p>\t\t\t\t\t\t\t\t<\/div>\n\t\t\t\t<\/div>\n\t\t\t\t<section class=\"elementor-section elementor-inner-section elementor-element elementor-element-25087099 elementor-section-boxed elementor-section-height-default elementor-section-height-default\" data-id=\"25087099\" data-element_type=\"section\" data-e-type=\"section\">\n\t\t\t\t\t\t<div class=\"elementor-container elementor-column-gap-default\">\n\t\t\t\t\t<div class=\"elementor-column elementor-col-33 elementor-inner-column elementor-element elementor-element-7289ba53\" data-id=\"7289ba53\" data-element_type=\"column\" data-e-type=\"column\" data-settings=\"{&quot;background_background&quot;:&quot;classic&quot;}\">\n\t\t\t<div class=\"elementor-widget-wrap elementor-element-populated\">\n\t\t\t\t\t<div class=\"elementor-background-overlay\"><\/div>\n\t\t\t\t\t\t<div class=\"elementor-element elementor-element-7abd92db elementor-widget elementor-widget-heading\" data-id=\"7abd92db\" data-element_type=\"widget\" data-e-type=\"widget\" data-widget_type=\"heading.default\">\n\t\t\t\t<div class=\"elementor-widget-container\">\n\t\t\t\t\t<h6 class=\"elementor-heading-title elementor-size-default\">01.<\/h6>\t\t\t\t<\/div>\n\t\t\t\t<\/div>\n\t\t\t\t<div class=\"elementor-element elementor-element-340f3076 elementor-widget elementor-widget-heading\" data-id=\"340f3076\" data-element_type=\"widget\" data-e-type=\"widget\" data-widget_type=\"heading.default\">\n\t\t\t\t<div class=\"elementor-widget-container\">\n\t\t\t\t\t<h4 class=\"elementor-heading-title elementor-size-default\">Kattava teollisuuskokemus<\/h4>\t\t\t\t<\/div>\n\t\t\t\t<\/div>\n\t\t\t\t<div class=\"elementor-element elementor-element-7aad0ba6 elementor-widget elementor-widget-text-editor\" data-id=\"7aad0ba6\" data-element_type=\"widget\" data-e-type=\"widget\" data-widget_type=\"text-editor.default\">\n\t\t\t\t<div class=\"elementor-widget-container\">\n\t\t\t\t\t\t\t\t\t<p>Yhti\u00f6n asiantuntijoilla on yli 30 vuoden kokemus teollisuuden ja tehdassuunnittelun alalta. T\u00e4m\u00e4 tarkoittaa, ett\u00e4 selvityksi\u00e4 tekevill\u00e4 henkil\u00f6ill\u00e4 on syv\u00e4llinen ymm\u00e4rrys ja k\u00e4yt\u00e4nn\u00f6n tietotaito, joka kattaa sek\u00e4 teoreettisen suunnittelun ett\u00e4 k\u00e4yt\u00e4nn\u00f6n toteutuksen eri teollisuudenaloilla. Heid\u00e4n kokemuksensa ter\u00e4s-, kaivos- ja teknologiateollisuuden johtoteht\u00e4viss\u00e4 antaa heille ainutlaatuisen n\u00e4kemyksen ja kyvyn navigoida monimutkaisissa teollisuusymp\u00e4rist\u00f6iss\u00e4.<\/p>\t\t\t\t\t\t\t\t<\/div>\n\t\t\t\t<\/div>\n\t\t\t\t\t<\/div>\n\t\t<\/div>\n\t\t\t\t<div class=\"elementor-column elementor-col-33 elementor-inner-column elementor-element elementor-element-2f875d31\" data-id=\"2f875d31\" data-element_type=\"column\" data-e-type=\"column\" data-settings=\"{&quot;background_background&quot;:&quot;classic&quot;}\">\n\t\t\t<div class=\"elementor-widget-wrap elementor-element-populated\">\n\t\t\t\t\t<div class=\"elementor-background-overlay\"><\/div>\n\t\t\t\t\t\t<div class=\"elementor-element elementor-element-21edf03c elementor-widget elementor-widget-heading\" data-id=\"21edf03c\" data-element_type=\"widget\" data-e-type=\"widget\" data-widget_type=\"heading.default\">\n\t\t\t\t<div class=\"elementor-widget-container\">\n\t\t\t\t\t<h6 class=\"elementor-heading-title elementor-size-default\">02.<\/h6>\t\t\t\t<\/div>\n\t\t\t\t<\/div>\n\t\t\t\t<div class=\"elementor-element elementor-element-3354aa34 elementor-widget elementor-widget-heading\" data-id=\"3354aa34\" data-element_type=\"widget\" data-e-type=\"widget\" data-widget_type=\"heading.default\">\n\t\t\t\t<div class=\"elementor-widget-container\">\n\t\t\t\t\t<h4 class=\"elementor-heading-title elementor-size-default\">Paikallistuntemus ja verkostot<\/h4>\t\t\t\t<\/div>\n\t\t\t\t<\/div>\n\t\t\t\t<div class=\"elementor-element elementor-element-4934940 elementor-widget elementor-widget-text-editor\" data-id=\"4934940\" data-element_type=\"widget\" data-e-type=\"widget\" data-widget_type=\"text-editor.default\">\n\t\t\t\t<div class=\"elementor-widget-container\">\n\t\t\t\t\t\t\t\t\t<p>Arctic Crossing Consulting Oy:n tiimin j\u00e4senill\u00e4 on laaja tuntemus Suomalaisista ja Pohjoismaisista markkinoista, erityisesti vety-, akku-, ter\u00e4s- ja kaivosteollisuuden alueilla. T\u00e4m\u00e4 paikallinen asiantuntemus yhdistettyn\u00e4 olemassa oleviin verkostoihin ja suhteisiin tehdasrakentamisen toimijoiden kanssa Suomessa tarjoaa asiakkaille merkitt\u00e4v\u00e4\u00e4 lis\u00e4arvoa hankkeiden suunnittelusta toteutukseen.<\/p>\t\t\t\t\t\t\t\t<\/div>\n\t\t\t\t<\/div>\n\t\t\t\t\t<\/div>\n\t\t<\/div>\n\t\t\t\t<div class=\"elementor-column elementor-col-33 elementor-inner-column elementor-element elementor-element-30204e5f\" data-id=\"30204e5f\" data-element_type=\"column\" data-e-type=\"column\" data-settings=\"{&quot;background_background&quot;:&quot;classic&quot;}\">\n\t\t\t<div class=\"elementor-widget-wrap elementor-element-populated\">\n\t\t\t\t\t<div class=\"elementor-background-overlay\"><\/div>\n\t\t\t\t\t\t<div class=\"elementor-element elementor-element-41c979a7 elementor-widget elementor-widget-heading\" data-id=\"41c979a7\" data-element_type=\"widget\" data-e-type=\"widget\" data-widget_type=\"heading.default\">\n\t\t\t\t<div class=\"elementor-widget-container\">\n\t\t\t\t\t<h6 class=\"elementor-heading-title elementor-size-default\">03.<\/h6>\t\t\t\t<\/div>\n\t\t\t\t<\/div>\n\t\t\t\t<div class=\"elementor-element elementor-element-6f4a03b4 elementor-widget elementor-widget-heading\" data-id=\"6f4a03b4\" data-element_type=\"widget\" data-e-type=\"widget\" data-widget_type=\"heading.default\">\n\t\t\t\t<div class=\"elementor-widget-container\">\n\t\t\t\t\t<h4 class=\"elementor-heading-title elementor-size-default\">Kansainv\u00e4linen kokemus<\/h4>\t\t\t\t<\/div>\n\t\t\t\t<\/div>\n\t\t\t\t<div class=\"elementor-element elementor-element-341af4cb elementor-widget elementor-widget-text-editor\" data-id=\"341af4cb\" data-element_type=\"widget\" data-e-type=\"widget\" data-widget_type=\"text-editor.default\">\n\t\t\t\t<div class=\"elementor-widget-container\">\n\t\t\t\t\t\t\t\t\t<div data-ogsc=\"black\">Tiimin kyky toimia kansainv\u00e4lisess\u00e4 liike-el\u00e4m\u00e4ss\u00e4, mukaan lukien kokemus ty\u00f6skentelyst\u00e4 Tukholmassa, Lontoossa ja Kanadassa, tuo lis\u00e4ulottuvuuden palveluihin. T\u00e4m\u00e4 maailmanlaajuinen n\u00e4k\u00f6kulma ja kansainv\u00e4linen kokemus varmistavat, ett\u00e4 selvitykset ja suunnitelmat eiv\u00e4t ole ainoastaan paikallisesti relevantteja, vaan my\u00f6s globaalisti kilpailukykyisi\u00e4.<\/div>\t\t\t\t\t\t\t\t<\/div>\n\t\t\t\t<\/div>\n\t\t\t\t\t<\/div>\n\t\t<\/div>\n\t\t\t\t\t<\/div>\n\t\t<\/section>\n\t\t\t\t<section class=\"elementor-section elementor-inner-section elementor-element elementor-element-ab17b61 elementor-section-boxed elementor-section-height-default elementor-section-height-default\" data-id=\"ab17b61\" data-element_type=\"section\" data-e-type=\"section\">\n\t\t\t\t\t\t<div class=\"elementor-container elementor-column-gap-default\">\n\t\t\t\t\t<div class=\"elementor-column elementor-col-33 elementor-inner-column elementor-element elementor-element-9a29545\" data-id=\"9a29545\" data-element_type=\"column\" data-e-type=\"column\" data-settings=\"{&quot;background_background&quot;:&quot;classic&quot;}\">\n\t\t\t<div class=\"elementor-widget-wrap elementor-element-populated\">\n\t\t\t\t\t<div class=\"elementor-background-overlay\"><\/div>\n\t\t\t\t\t\t<div class=\"elementor-element elementor-element-a455bc3 elementor-widget elementor-widget-heading\" data-id=\"a455bc3\" data-element_type=\"widget\" data-e-type=\"widget\" data-widget_type=\"heading.default\">\n\t\t\t\t<div class=\"elementor-widget-container\">\n\t\t\t\t\t<h6 class=\"elementor-heading-title elementor-size-default\">03.<\/h6>\t\t\t\t<\/div>\n\t\t\t\t<\/div>\n\t\t\t\t<div class=\"elementor-element elementor-element-6f8a9aa elementor-widget elementor-widget-heading\" data-id=\"6f8a9aa\" data-element_type=\"widget\" data-e-type=\"widget\" data-widget_type=\"heading.default\">\n\t\t\t\t<div class=\"elementor-widget-container\">\n\t\t\t\t\t<h4 class=\"elementor-heading-title elementor-size-default\">Todistettu menestys suurissa hankkeissa<\/h4>\t\t\t\t<\/div>\n\t\t\t\t<\/div>\n\t\t\t\t<div class=\"elementor-element elementor-element-2677fbd elementor-widget elementor-widget-text-editor\" data-id=\"2677fbd\" data-element_type=\"widget\" data-e-type=\"widget\" data-widget_type=\"text-editor.default\">\n\t\t\t\t<div class=\"elementor-widget-container\">\n\t\t\t\t\t\t\t\t\t<div data-ogsc=\"black\">\u00a0Yhti\u00f6n aiempi ty\u00f6 suurten tehdashankkeiden, kuten Outokumpu Steelin, Talvivaaran ja Agnico Eaglen kaivosten suunnittelussa ja rakentamisessa, osoittaa kyvyn toteuttaa laajoja ja vaativia projekteja onnistuneesti. T\u00e4m\u00e4 kokemus vahvistaa yhti\u00f6n kyky\u00e4 hallita suuria teollisuushankkeita alusta loppuun, minimoiden riskit ja maksimoiden onnistumisen mahdollisuudet.<\/div>\t\t\t\t\t\t\t\t<\/div>\n\t\t\t\t<\/div>\n\t\t\t\t\t<\/div>\n\t\t<\/div>\n\t\t\t\t<div class=\"elementor-column elementor-col-33 elementor-inner-column elementor-element elementor-element-75110c7\" data-id=\"75110c7\" data-element_type=\"column\" data-e-type=\"column\" data-settings=\"{&quot;background_background&quot;:&quot;classic&quot;}\">\n\t\t\t<div class=\"elementor-widget-wrap elementor-element-populated\">\n\t\t\t\t\t<div class=\"elementor-background-overlay\"><\/div>\n\t\t\t\t\t\t<div class=\"elementor-element elementor-element-a124cde elementor-widget elementor-widget-heading\" data-id=\"a124cde\" data-element_type=\"widget\" data-e-type=\"widget\" data-widget_type=\"heading.default\">\n\t\t\t\t<div class=\"elementor-widget-container\">\n\t\t\t\t\t<h6 class=\"elementor-heading-title elementor-size-default\">04.<\/h6>\t\t\t\t<\/div>\n\t\t\t\t<\/div>\n\t\t\t\t<div class=\"elementor-element elementor-element-2aa983f elementor-widget elementor-widget-heading\" data-id=\"2aa983f\" data-element_type=\"widget\" data-e-type=\"widget\" data-widget_type=\"heading.default\">\n\t\t\t\t<div class=\"elementor-widget-container\">\n\t\t\t\t\t<h4 class=\"elementor-heading-title elementor-size-default\">Erityisosaaminen vety- ja akkuteollisuudessa<\/h4>\t\t\t\t<\/div>\n\t\t\t\t<\/div>\n\t\t\t\t<div class=\"elementor-element elementor-element-3187b57 elementor-widget elementor-widget-text-editor\" data-id=\"3187b57\" data-element_type=\"widget\" data-e-type=\"widget\" data-widget_type=\"text-editor.default\">\n\t\t\t\t<div class=\"elementor-widget-container\">\n\t\t\t\t\t\t\t\t\t<div data-ogsc=\"black\">Kun otetaan huomioon tiimin syv\u00e4 ymm\u00e4rrys ja kokemus vety- ja akkuteollisuuden alalta, he pystyv\u00e4t tarjoamaan erityisesti n\u00e4ihin aloihin keskittyvi\u00e4 palveluita. T\u00e4m\u00e4 erikoistuminen on erityisen arvokasta nykyisess\u00e4 energiak\u00e4\u00e4nn\u00f6ksen ja kest\u00e4v\u00e4n kehityksen globaalissa kontekstissa, jossa vety ja akut ovat avainasemassa.<\/div>\t\t\t\t\t\t\t\t<\/div>\n\t\t\t\t<\/div>\n\t\t\t\t\t<\/div>\n\t\t<\/div>\n\t\t\t\t<div class=\"elementor-column elementor-col-33 elementor-inner-column elementor-element elementor-element-f6d19fd\" data-id=\"f6d19fd\" data-element_type=\"column\" data-e-type=\"column\" data-settings=\"{&quot;background_background&quot;:&quot;classic&quot;}\">\n\t\t\t<div class=\"elementor-widget-wrap elementor-element-populated\">\n\t\t\t\t\t<div class=\"elementor-background-overlay\"><\/div>\n\t\t\t\t\t\t<div class=\"elementor-element elementor-element-bd196ef elementor-widget elementor-widget-heading\" data-id=\"bd196ef\" data-element_type=\"widget\" data-e-type=\"widget\" data-widget_type=\"heading.default\">\n\t\t\t\t<div class=\"elementor-widget-container\">\n\t\t\t\t\t<h6 class=\"elementor-heading-title elementor-size-default\">06.<\/h6>\t\t\t\t<\/div>\n\t\t\t\t<\/div>\n\t\t\t\t<div class=\"elementor-element elementor-element-dd27032 elementor-widget elementor-widget-heading\" data-id=\"dd27032\" data-element_type=\"widget\" data-e-type=\"widget\" data-widget_type=\"heading.default\">\n\t\t\t\t<div class=\"elementor-widget-container\">\n\t\t\t\t\t<h4 class=\"elementor-heading-title elementor-size-default\">Yhteenveto<\/h4>\t\t\t\t<\/div>\n\t\t\t\t<\/div>\n\t\t\t\t<div class=\"elementor-element elementor-element-8c90f1d elementor-widget elementor-widget-text-editor\" data-id=\"8c90f1d\" data-element_type=\"widget\" data-e-type=\"widget\" data-widget_type=\"text-editor.default\">\n\t\t\t\t<div class=\"elementor-widget-container\">\n\t\t\t\t\t\t\t\t\t<p>Kun otetaan huomioon tiimin syv\u00e4 ymm\u00e4rrys ja kokemus vety- ja akkuteollisuuden alalta, he pystyv\u00e4t tarjoamaan erityisesti n\u00e4ihin aloihin keskittyvi\u00e4 palveluita. T\u00e4m\u00e4 erikoistuminen on erityisen arvokasta nykyisess\u00e4 energiak\u00e4\u00e4nn\u00f6ksen ja kest\u00e4v\u00e4n kehityksen globaalissa kontekstissa, jossa vety ja akut ovat avainasemassa.<\/p>\t\t\t\t\t\t\t\t<\/div>\n\t\t\t\t<\/div>\n\t\t\t\t\t<\/div>\n\t\t<\/div>\n\t\t\t\t\t<\/div>\n\t\t<\/section>\n\t\t\t\t\t<\/div>\n\t\t<\/div>\n\t\t\t\t\t<\/div>\n\t\t<\/section>\n\t\t\t\t<section class=\"elementor-section elementor-top-section elementor-element elementor-element-3bb3add7 elementor-section-boxed elementor-section-height-default elementor-section-height-default\" data-id=\"3bb3add7\" data-element_type=\"section\" data-e-type=\"section\" data-settings=\"{&quot;background_background&quot;:&quot;gradient&quot;}\">\n\t\t\t\t\t\t\t<div class=\"elementor-background-overlay\"><\/div>\n\t\t\t\t\t\t\t<div class=\"elementor-container elementor-column-gap-no\">\n\t\t\t\t\t<div class=\"elementor-column elementor-col-100 elementor-top-column elementor-element elementor-element-1b2e10ee\" data-id=\"1b2e10ee\" data-element_type=\"column\" data-e-type=\"column\">\n\t\t\t<div class=\"elementor-widget-wrap elementor-element-populated\">\n\t\t\t\t\t\t<section class=\"elementor-section elementor-inner-section elementor-element elementor-element-51cd322f elementor-section-boxed elementor-section-height-default elementor-section-height-default\" data-id=\"51cd322f\" data-element_type=\"section\" data-e-type=\"section\">\n\t\t\t\t\t\t<div class=\"elementor-container elementor-column-gap-no\">\n\t\t\t\t\t<div class=\"elementor-column elementor-col-100 elementor-inner-column elementor-element elementor-element-51677374\" data-id=\"51677374\" data-element_type=\"column\" data-e-type=\"column\">\n\t\t\t<div class=\"elementor-widget-wrap elementor-element-populated\">\n\t\t\t\t\t\t<div class=\"elementor-element elementor-element-7ad45cd0 elementor-widget elementor-widget-heading\" data-id=\"7ad45cd0\" data-element_type=\"widget\" data-e-type=\"widget\" data-widget_type=\"heading.default\">\n\t\t\t\t<div class=\"elementor-widget-container\">\n\t\t\t\t\t<h2 class=\"elementor-heading-title elementor-size-default\">Ota haltuun yritystoimintasi tulevaisuus ja menesty.<br>\n<\/h2>\t\t\t\t<\/div>\n\t\t\t\t<\/div>\n\t\t\t\t\t<\/div>\n\t\t<\/div>\n\t\t\t\t\t<\/div>\n\t\t<\/section>\n\t\t\t\t\t<\/div>\n\t\t<\/div>\n\t\t\t\t\t<\/div>\n\t\t<\/section>\n\t\t\t\t<\/div>\n\t\t","protected":false},"excerpt":{"rendered":"<p>Arctic Crossing Consulting ja vetyhankkeet 2024 Vetyteollisuus hankkeet 2024 Teemme parhaillaan useille maakunnille ja elinkeinotoimistoille vetyteollisuuden kartoituksia ja autamme potentiaalisten vetyinvestointien saamisessa paikkakunnalle. Vetyteollisuus hankkeiden edell\u00e4k\u00e4vij\u00e4 Arctic Crossing Consulting Oy:n vetyselvitysten palvelut ja niiden hy\u00f6dyt perustuvat vankkaan ammattitaitoon ja laajaan kokemukseen, jota voidaan hy\u00f6dynt\u00e4\u00e4 monella tasolla. T\u00e4ss\u00e4 viiden argumentin yhteenveto palveluista ja niiden eduista: 01. [&hellip;]<\/p>\n","protected":false},"author":2,"featured_media":2102,"parent":0,"menu_order":0,"comment_status":"closed","ping_status":"closed","template":"elementor_header_footer","meta":{"site-sidebar-layout":"no-sidebar","site-content-layout":"page-builder","ast-site-content-layout":"full-width-container","site-content-style":"default","site-sidebar-style":"default","ast-global-header-display":"","ast-banner-title-visibility":"","ast-main-header-display":"","ast-hfb-above-header-display":"","ast-hfb-below-header-display":"","ast-hfb-mobile-header-display":"","site-post-title":"disabled","ast-breadcrumbs-content":"","ast-featured-img":"disabled","footer-sml-layout":"","ast-disable-related-posts":"","theme-transparent-header-meta":"","adv-header-id-meta":"","stick-header-meta":"","header-above-stick-meta":"","header-main-stick-meta":"","header-below-stick-meta":"","astra-migrate-meta-layouts":"set","ast-page-background-enabled":"default","ast-page-background-meta":{"desktop":{"background-color":"","background-image":"","background-repeat":"repeat","background-position":"center center","background-size":"auto","background-attachment":"scroll","background-type":"","background-media":"","overlay-type":"","overlay-color":"","overlay-opacity":"","overlay-gradient":""},"tablet":{"background-color":"","background-image":"","background-repeat":"repeat","background-position":"center center","background-size":"auto","background-attachment":"scroll","background-type":"","background-media":"","overlay-type":"","overlay-color":"","overlay-opacity":"","overlay-gradient":""},"mobile":{"background-color":"","background-image":"","background-repeat":"repeat","background-position":"center center","background-size":"auto","background-attachment":"scroll","background-type":"","background-media":"","overlay-type":"","overlay-color":"","overlay-opacity":"","overlay-gradient":""}},"ast-content-background-meta":{"desktop":{"background-color":"var(--ast-global-color-5)","background-image":"","background-repeat":"repeat","background-position":"center center","background-size":"auto","background-attachment":"scroll","background-type":"","background-media":"","overlay-type":"","overlay-color":"","overlay-opacity":"","overlay-gradient":""},"tablet":{"background-color":"var(--ast-global-color-5)","background-image":"","background-repeat":"repeat","background-position":"center center","background-size":"auto","background-attachment":"scroll","background-type":"","background-media":"","overlay-type":"","overlay-color":"","overlay-opacity":"","overlay-gradient":""},"mobile":{"background-color":"var(--ast-global-color-5)","background-image":"","background-repeat":"repeat","background-position":"center center","background-size":"auto","background-attachment":"scroll","background-type":"","background-media":"","overlay-type":"","overlay-color":"","overlay-opacity":"","overlay-gradient":""}},"footnotes":""},"class_list":["post-2084","page","type-page","status-publish","has-post-thumbnail","hentry"],"_links":{"self":[{"href":"https:\/\/arcticcrossing.com\/index.php\/wp-json\/wp\/v2\/pages\/2084","targetHints":{"allow":["GET"]}}],"collection":[{"href":"https:\/\/arcticcrossing.com\/index.php\/wp-json\/wp\/v2\/pages"}],"about":[{"href":"https:\/\/arcticcrossing.com\/index.php\/wp-json\/wp\/v2\/types\/page"}],"author":[{"embeddable":true,"href":"https:\/\/arcticcrossing.com\/index.php\/wp-json\/wp\/v2\/users\/2"}],"replies":[{"embeddable":true,"href":"https:\/\/arcticcrossing.com\/index.php\/wp-json\/wp\/v2\/comments?post=2084"}],"version-history":[{"count":16,"href":"https:\/\/arcticcrossing.com\/index.php\/wp-json\/wp\/v2\/pages\/2084\/revisions"}],"predecessor-version":[{"id":2111,"href":"https:\/\/arcticcrossing.com\/index.php\/wp-json\/wp\/v2\/pages\/2084\/revisions\/2111"}],"wp:featuredmedia":[{"embeddable":true,"href":"https:\/\/arcticcrossing.com\/index.php\/wp-json\/wp\/v2\/media\/2102"}],"wp:attachment":[{"href":"https:\/\/arcticcrossing.com\/index.php\/wp-json\/wp\/v2\/media?parent=2084"}],"curies":[{"name":"wp","href":"https:\/\/api.w.org\/{rel}","templated":true}]}}